{"id":61,"date":"2025-03-17T16:12:15","date_gmt":"2025-03-17T16:12:15","guid":{"rendered":"https:\/\/sighthoundshow.at\/?page_id=61"},"modified":"2025-03-17T16:12:16","modified_gmt":"2025-03-17T16:12:16","slug":"impressum","status":"publish","type":"page","link":"https:\/\/sighthoundshow.at\/?page_id=61","title":{"rendered":"Impressum"},"content":{"rendered":"\n<p><strong>Verantwortlich f\u00fcr den Inhalt:<\/strong><\/p>\n\n\n\n<p>Angaben gem\u00e4\u00df \u00a7 5 TMG:<br><strong>\u00d6KWZR &#8211; \u00d6sterreichischer Klub f\u00fcr Windhunde, Zucht und Rennsport<\/strong><br>Vereinsregister: ZVR776855292<br>Sitz: Wien (Wien)<br><br>Vertreten durch den Vorstand:<br><strong>Ing.\u00a0Markus Pichler<\/strong><br><br><strong>Kontakt:<\/strong><\/p>\n\n\n\n<p>Ing. Markus Pichler<br>Volkersdorferstrasse 109<br>8063 Eggersdorf bei Graz<\/p>\n\n\n\n<p><br>E-Mail:&nbsp;<a href=\"mailto:praesident@windhund.at\">praesident@windhund.at<\/a><br><br>Wir sind nicht bereit oder verpflichtet, an Streitbeilegungsverfahren vor einer Verbraucherschlichtungsstelle teilzunehmen.<br><br><strong>Bankverbindung<\/strong><\/p>\n\n\n\n<p>\u00d6KWRZ<br>IBAN: AT97 2011 1287 1601 4800<br>BIC: GIBAATWW<\/p>\n\n\n\n<p><\/p>\n","protected":false},"excerpt":{"rendered":"<p>Verantwortlich f\u00fcr den Inhalt: Angaben gem\u00e4\u00df \u00a7 5 TMG:\u00d6KWZR &#8211; \u00d6sterreichischer Klub f\u00fcr Windhunde, Zucht und RennsportVereinsregister: ZVR776855292Sitz: Wien (Wien) [&hellip;]<\/p>\n","protected":false},"author":1,"featured_media":0,"parent":0,"menu_order":0,"comment_status":"closed","ping_status":"closed","template":"","meta":{"site-sidebar-layout":"default","site-content-layout":"","ast-site-content-layout":"default","site-content-style":"default","site-sidebar-style":"default","ast-global-header-display":"","ast-banner-title-visibility":"","ast-main-header-display":"","ast-hfb-above-header-display":"","ast-hfb-below-header-display":"","ast-hfb-mobile-header-display":"","site-post-title":"","ast-breadcrumbs-content":"","ast-featured-img":"","footer-sml-layout":"","ast-disable-related-posts":"","theme-transparent-header-meta":"","adv-header-id-meta":"","stick-header-meta":"","header-above-stick-meta":"","header-main-stick-meta":"","header-below-stick-meta":"","astra-migrate-meta-layouts":"default","ast-page-background-enabled":"default","ast-page-background-meta":{"desktop":{"background-color":"var(--ast-global-color-5)","background-image":"","background-repeat":"repeat","background-position":"center center","background-size":"auto","background-attachment":"scroll","background-type":"","background-media":"","overlay-type":"","overlay-color":"","overlay-opacity":"","overlay-gradient":""},"tablet":{"background-color":"","background-image":"","background-repeat":"repeat","background-position":"center center","background-size":"auto","background-attachment":"scroll","background-type":"","background-media":"","overlay-type":"","overlay-color":"","overlay-opacity":"","overlay-gradient":""},"mobile":{"background-color":"","background-image":"","background-repeat":"repeat","background-position":"center center","background-size":"auto","background-attachment":"scroll","background-type":"","background-media":"","overlay-type":"","overlay-color":"","overlay-opacity":"","overlay-gradient":""}},"ast-content-background-meta":{"desktop":{"background-color":"var(--ast-global-color-4)","background-image":"","background-repeat":"repeat","background-position":"center center","background-size":"auto","background-attachment":"scroll","background-type":"","background-media":"","overlay-type":"","overlay-color":"","overlay-opacity":"","overlay-gradient":""},"tablet":{"background-color":"var(--ast-global-color-4)","background-image":"","background-repeat":"repeat","background-position":"center center","background-size":"auto","background-attachment":"scroll","background-type":"","background-media":"","overlay-type":"","overlay-color":"","overlay-opacity":"","overlay-gradient":""},"mobile":{"background-color":"var(--ast-global-color-4)","background-image":"","background-repeat":"repeat","background-position":"center center","background-size":"auto","background-attachment":"scroll","background-type":"","background-media":"","overlay-type":"","overlay-color":"","overlay-opacity":"","overlay-gradient":""}},"_themeisle_gutenberg_block_has_review":false,"footnotes":""},"class_list":["post-61","page","type-page","status-publish","hentry"],"_links":{"self":[{"href":"https:\/\/sighthoundshow.at\/index.php?rest_route=\/wp\/v2\/pages\/61","targetHints":{"allow":["GET"]}}],"collection":[{"href":"https:\/\/sighthoundshow.at\/index.php?rest_route=\/wp\/v2\/pages"}],"about":[{"href":"https:\/\/sighthoundshow.at\/index.php?rest_route=\/wp\/v2\/types\/page"}],"author":[{"embeddable":true,"href":"https:\/\/sighthoundshow.at\/index.php?rest_route=\/wp\/v2\/users\/1"}],"replies":[{"embeddable":true,"href":"https:\/\/sighthoundshow.at\/index.php?rest_route=%2Fwp%2Fv2%2Fcomments&post=61"}],"version-history":[{"count":1,"href":"https:\/\/sighthoundshow.at\/index.php?rest_route=\/wp\/v2\/pages\/61\/revisions"}],"predecessor-version":[{"id":62,"href":"https:\/\/sighthoundshow.at\/index.php?rest_route=\/wp\/v2\/pages\/61\/revisions\/62"}],"wp:attachment":[{"href":"https:\/\/sighthoundshow.at\/index.php?rest_route=%2Fwp%2Fv2%2Fmedia&parent=61"}],"curies":[{"name":"wp","href":"https:\/\/api.w.org\/{rel}","templated":true}]}}