{"id":11,"date":"2025-03-17T10:46:58","date_gmt":"2025-03-17T10:46:58","guid":{"rendered":"https:\/\/sighthoundshow.at\/?page_id=11"},"modified":"2026-03-29T13:59:45","modified_gmt":"2026-03-29T13:59:45","slug":"ausschreibung-announcement","status":"publish","type":"page","link":"https:\/\/sighthoundshow.at\/?page_id=11","title":{"rendered":"Ausschreibung \/ Announcement"},"content":{"rendered":"\n<p><\/p>\n\n\n\n<p>Es gilt die Ausstellungsordnung des \u00d6KV und die g\u00fcltigen Tierschutzbestimmungen!<br><mark style=\"background-color:rgba(0, 0, 0, 0);color:#d5b351\" class=\"has-inline-color\">The exhibition regulations of the \u00d6KV and the valid animal protection regulations apply!<br><\/mark>Richter\u00e4nderungen vorbehalten! <br><mark style=\"background-color:rgba(0, 0, 0, 0);color:#d5b351\" class=\"has-inline-color\">Judges are subject to change!<\/mark><\/p>\n\n\n\n<h3 class=\"wp-block-heading\">Ausstellungsleitung <mark style=\"background-color:rgba(0, 0, 0, 0);color:#d5b351\" class=\"has-inline-color\">\/ Exhibition management:<\/mark><\/h3>\n\n\n\n<p>Carmen Heisz <br>office@windhund.at<\/p>\n\n\n\n<h3 class=\"wp-block-heading\">Veranstaltungsort <mark style=\"background-color:rgba(0, 0, 0, 0);color:#d5b351\" class=\"has-inline-color\">\/ Venue:<\/mark><\/h3>\n\n\n\n<p>Schloss Grafenegg<br>Grafenegg 10<br>3485 Grafenegg<\/p>\n\n\n\n<h3 class=\"wp-block-heading\">Beginnzeiten <mark style=\"background-color:rgba(0, 0, 0, 0);color:#d5b351\" class=\"has-inline-color\">\/ Starting times<\/mark><\/h3>\n\n\n\n<p>Beginn des Richtens \/ Start of the judging: 10:00 Uhr<br>Einlass \/ entry: 08:00 Uhr<\/p>\n\n\n\n<h3 class=\"wp-block-heading\">Klassen<mark style=\"background-color:rgba(0, 0, 0, 0);color:#d5b351\" class=\"has-inline-color\"> \/ Classes<\/mark><\/h3>\n\n\n\n<ul class=\"wp-block-list\">\n<li>Babyklasse 3 \u2013 6 Monate <mark style=\"background-color:rgba(0, 0, 0, 0);color:#d5b351\" class=\"has-inline-color\">\/ Baby class 3 \u2013 6 months<\/mark><\/li>\n\n\n\n<li>J\u00fcngstenklasse 6 \u2013 9 Monate <mark style=\"background-color:rgba(0, 0, 0, 0);color:#d5b351\" class=\"has-inline-color\">\/ Puppy class 6 \u2013 9 months<\/mark><\/li>\n\n\n\n<li>Jugendklasse 9 \u2013 18 Monate <mark style=\"background-color:rgba(0, 0, 0, 0);color:#d5b351\" class=\"has-inline-color\">\/ Junior class 9 \u2013 18 months<\/mark><\/li>\n\n\n\n<li>Zwischenklasse 15 \u2013 24 Monate <mark style=\"background-color:rgba(0, 0, 0, 0);color:#d5b351\" class=\"has-inline-color\">\/ Intermediate class 15 \u2013 24 months<\/mark><\/li>\n\n\n\n<li>Offene Klasse ab 15 Monate <mark style=\"background-color:rgba(0, 0, 0, 0);color:#d5b351\" class=\"has-inline-color\">\/ Open class from 15 months<\/mark><\/li>\n\n\n\n<li>Gebrauchshundeklasse ab 15 Monate mit Gebrauchshundezertifikat <mark style=\"background-color:rgba(0, 0, 0, 0);color:#d5b351\" class=\"has-inline-color\">\/ Working class from 15 months with <mark style=\"background-color:rgba(0, 0, 0, 0);color:#d5b351\" class=\"has-inline-color\">corresponding <\/mark>certificate<\/mark><\/li>\n\n\n\n<li>Championklasse mit entsprechendem Championnachweis <mark style=\"background-color:rgba(0, 0, 0, 0);color:#d5b351\" class=\"has-inline-color\">\/ Champion class with corresponding champion certificate <\/mark><\/li>\n\n\n\n<li>Veteranenklasse ab dem vollendeten 8. Lebensjahr <mark style=\"background-color:rgba(0, 0, 0, 0);color:#d5b351\" class=\"has-inline-color\">\/ Veteran class from the age of 8<\/mark><\/li>\n<\/ul>\n\n\n\n<p><\/p>\n\n\n\n<p>23.05.2026  Am Tag der FCI Central European Sighthound Show gelten die Regeln der FCI Central European Sighthound Show (CESHS) <br><mark style=\"background-color:rgba(0, 0, 0, 0);color:#d5b351\" class=\"has-inline-color\">23.05.2026  On the day of the FCI Central European Sighthound Show the rules of the FCI Central European Sighthound apply: <a href=\"https:\/\/www.fcicentraleurowinner.eu\/index.htm\">https:\/\/www.fcicentraleurowinner.eu\/index.htm<\/a><\/mark><\/p>\n\n\n\n<p>24.05.2026  Sch\u00f6nheits- und Leistungsbewerb in Kombination mit dem Int. CACIL Coursing Spitzerberg 16.\/17.05. <br><mark style=\"background-color:rgba(0, 0, 0, 0);color:#d5b351\" class=\"has-inline-color\">24th of May <\/mark> <mark style=\"background-color:rgba(0, 0, 0, 0);color:#d5b351\" class=\"has-inline-color\">Beauty and Performance Competition in combination with the Int. CACIL Coursing Spitzerberg. 16th\/17th of May<\/mark><\/p>\n\n\n\n<p><\/p>\n","protected":false},"excerpt":{"rendered":"<p>Es gilt die Ausstellungsordnung des \u00d6KV und die g\u00fcltigen Tierschutzbestimmungen!The exhibition regulations of the \u00d6KV and the valid animal protection [&hellip;]<\/p>\n","protected":false},"author":1,"featured_media":0,"parent":0,"menu_order":0,"comment_status":"closed","ping_status":"closed","template":"","meta":{"site-sidebar-layout":"default","site-content-layout":"","ast-site-content-layout":"","site-content-style":"default","site-sidebar-style":"default","ast-global-header-display":"","ast-banner-title-visibility":"","ast-main-header-display":"","ast-hfb-above-header-display":"","ast-hfb-below-header-display":"","ast-hfb-mobile-header-display":"","site-post-title":"disabled","ast-breadcrumbs-content":"","ast-featured-img":"","footer-sml-layout":"","ast-disable-related-posts":"","theme-transparent-header-meta":"","adv-header-id-meta":"","stick-header-meta":"","header-above-stick-meta":"","header-main-stick-meta":"","header-below-stick-meta":"","astra-migrate-meta-layouts":"default","ast-page-background-enabled":"default","ast-page-background-meta":{"desktop":{"background-color":"var(--ast-global-color-5)","background-image":"","background-repeat":"repeat","background-position":"center center","background-size":"auto","background-attachment":"scroll","background-type":"","background-media":"","overlay-type":"","overlay-color":"","overlay-opacity":"","overlay-gradient":""},"tablet":{"background-color":"","background-image":"","background-repeat":"repeat","background-position":"center center","background-size":"auto","background-attachment":"scroll","background-type":"","background-media":"","overlay-type":"","overlay-color":"","overlay-opacity":"","overlay-gradient":""},"mobile":{"background-color":"","background-image":"","background-repeat":"repeat","background-position":"center center","background-size":"auto","background-attachment":"scroll","background-type":"","background-media":"","overlay-type":"","overlay-color":"","overlay-opacity":"","overlay-gradient":""}},"ast-content-background-meta":{"desktop":{"background-color":"var(--ast-global-color-4)","background-image":"","background-repeat":"repeat","background-position":"center center","background-size":"auto","background-attachment":"scroll","background-type":"","background-media":"","overlay-type":"","overlay-color":"","overlay-opacity":"","overlay-gradient":""},"tablet":{"background-color":"var(--ast-global-color-4)","background-image":"","background-repeat":"repeat","background-position":"center center","background-size":"auto","background-attachment":"scroll","background-type":"","background-media":"","overlay-type":"","overlay-color":"","overlay-opacity":"","overlay-gradient":""},"mobile":{"background-color":"var(--ast-global-color-4)","background-image":"","background-repeat":"repeat","background-position":"center center","background-size":"auto","background-attachment":"scroll","background-type":"","background-media":"","overlay-type":"","overlay-color":"","overlay-opacity":"","overlay-gradient":""}},"_themeisle_gutenberg_block_has_review":false,"footnotes":""},"class_list":["post-11","page","type-page","status-publish","hentry"],"_links":{"self":[{"href":"https:\/\/sighthoundshow.at\/index.php?rest_route=\/wp\/v2\/pages\/11","targetHints":{"allow":["GET"]}}],"collection":[{"href":"https:\/\/sighthoundshow.at\/index.php?rest_route=\/wp\/v2\/pages"}],"about":[{"href":"https:\/\/sighthoundshow.at\/index.php?rest_route=\/wp\/v2\/types\/page"}],"author":[{"embeddable":true,"href":"https:\/\/sighthoundshow.at\/index.php?rest_route=\/wp\/v2\/users\/1"}],"replies":[{"embeddable":true,"href":"https:\/\/sighthoundshow.at\/index.php?rest_route=%2Fwp%2Fv2%2Fcomments&post=11"}],"version-history":[{"count":8,"href":"https:\/\/sighthoundshow.at\/index.php?rest_route=\/wp\/v2\/pages\/11\/revisions"}],"predecessor-version":[{"id":441,"href":"https:\/\/sighthoundshow.at\/index.php?rest_route=\/wp\/v2\/pages\/11\/revisions\/441"}],"wp:attachment":[{"href":"https:\/\/sighthoundshow.at\/index.php?rest_route=%2Fwp%2Fv2%2Fmedia&parent=11"}],"curies":[{"name":"wp","href":"https:\/\/api.w.org\/{rel}","templated":true}]}}